{"id":2213,"date":"2024-03-12T04:54:17","date_gmt":"2024-03-12T04:54:17","guid":{"rendered":"https:\/\/www.flexautomationperu.com\/index_ma.phpnte.php\/?page_id=2213"},"modified":"2024-03-18T00:17:43","modified_gmt":"2024-03-18T00:17:43","slug":"centro-de-control-de-motores-ccm","status":"publish","type":"page","link":"https:\/\/www.flexautomationperu.com\/index_ma.phpnte.php\/centro-de-control-de-motores-ccm\/","title":{"rendered":"Centro de control de motores CCM"},"content":{"rendered":"\t\t<div data-elementor-type=\"wp-page\" data-elementor-id=\"2213\" class=\"elementor elementor-2213\" data-elementor-post-type=\"page\">\n\t\t\t\t<div class=\"elementor-element elementor-element-dc87f3f e-flex e-con-boxed e-con e-parent\" data-id=\"dc87f3f\" data-element_type=\"container\" data-e-type=\"container\" data-settings=\"{&quot;background_background&quot;:&quot;classic&quot;}\">\n\t\t\t\t\t<div class=\"e-con-inner\">\n\t\t<div class=\"elementor-element elementor-element-c933683 e-con-full e-flex e-con e-child\" data-id=\"c933683\" data-element_type=\"container\" data-e-type=\"container\" data-settings=\"{&quot;position&quot;:&quot;fixed&quot;}\">\n\t\t\t\t<div class=\"elementor-element elementor-element-21a4a86 elementor-widget-divider--view-line elementor-widget elementor-widget-divider\" data-id=\"21a4a86\" data-element_type=\"widget\" data-e-type=\"widget\" data-widget_type=\"divider.default\">\n\t\t\t\t<div class=\"elementor-widget-container\">\n\t\t\t\t\t\t\t<div class=\"elementor-divider\">\n\t\t\t<span class=\"elementor-divider-separator\">\n\t\t\t\t\t\t<\/span>\n\t\t<\/div>\n\t\t\t\t\t\t<\/div>\n\t\t\t\t<\/div>\n\t\t\t\t<div class=\"elementor-element elementor-element-4fbab74 elementor-widget elementor-widget-heading\" data-id=\"4fbab74\" data-element_type=\"widget\" data-e-type=\"widget\" data-widget_type=\"heading.default\">\n\t\t\t\t<div class=\"elementor-widget-container\">\n\t\t\t\t\t<h3 class=\"elementor-heading-title elementor-size-default\">Centro de control de motores CCM<\/h3>\t\t\t\t<\/div>\n\t\t\t\t<\/div>\n\t\t\t\t<\/div>\n\t\t\t\t\t<\/div>\n\t\t\t\t<\/div>\n\t\t<div class=\"elementor-element elementor-element-584d0a6 e-flex e-con-boxed e-con e-parent\" data-id=\"584d0a6\" data-element_type=\"container\" data-e-type=\"container\" data-settings=\"{&quot;background_background&quot;:&quot;classic&quot;}\">\n\t\t\t\t\t<div class=\"e-con-inner\">\n\t\t<div class=\"elementor-element elementor-element-90e032f e-flex e-con-boxed e-con e-child\" data-id=\"90e032f\" data-element_type=\"container\" data-e-type=\"container\" data-settings=\"{&quot;background_background&quot;:&quot;classic&quot;}\">\n\t\t\t\t\t<div class=\"e-con-inner\">\n\t\t<div class=\"elementor-element elementor-element-d17fdbe e-flex e-con-boxed e-con e-child\" data-id=\"d17fdbe\" data-element_type=\"container\" data-e-type=\"container\" data-settings=\"{&quot;background_background&quot;:&quot;classic&quot;}\">\n\t\t\t\t\t<div class=\"e-con-inner\">\n\t\t<div class=\"elementor-element elementor-element-dfdcbd3 e-con-full e-flex e-con e-child\" data-id=\"dfdcbd3\" data-element_type=\"container\" data-e-type=\"container\">\n\t\t\t\t<div class=\"elementor-element elementor-element-503450b elementor-widget-divider--view-line elementor-widget elementor-widget-divider\" data-id=\"503450b\" data-element_type=\"widget\" data-e-type=\"widget\" data-widget_type=\"divider.default\">\n\t\t\t\t<div class=\"elementor-widget-container\">\n\t\t\t\t\t\t\t<div class=\"elementor-divider\">\n\t\t\t<span class=\"elementor-divider-separator\">\n\t\t\t\t\t\t<\/span>\n\t\t<\/div>\n\t\t\t\t\t\t<\/div>\n\t\t\t\t<\/div>\n\t\t\t\t<div class=\"elementor-element elementor-element-65c6bdd elementor-widget elementor-widget-heading\" data-id=\"65c6bdd\" data-element_type=\"widget\" data-e-type=\"widget\" data-widget_type=\"heading.default\">\n\t\t\t\t<div class=\"elementor-widget-container\">\n\t\t\t\t\t<h2 class=\"elementor-heading-title elementor-size-default\"><br>      Flex Automation &gt; Soluciones &gt; Energ\u00eda<br>   <\/h2>\t\t\t\t<\/div>\n\t\t\t\t<\/div>\n\t\t\t\t<div class=\"elementor-element elementor-element-5c64a4d elementor-widget-divider--view-line elementor-widget elementor-widget-divider\" data-id=\"5c64a4d\" data-element_type=\"widget\" data-e-type=\"widget\" data-widget_type=\"divider.default\">\n\t\t\t\t<div class=\"elementor-widget-container\">\n\t\t\t\t\t\t\t<div class=\"elementor-divider\">\n\t\t\t<span class=\"elementor-divider-separator\">\n\t\t\t\t\t\t<\/span>\n\t\t<\/div>\n\t\t\t\t\t\t<\/div>\n\t\t\t\t<\/div>\n\t\t\t\t<div class=\"elementor-element elementor-element-ceb165e elementor-widget elementor-widget-heading\" data-id=\"ceb165e\" data-element_type=\"widget\" data-e-type=\"widget\" data-widget_type=\"heading.default\">\n\t\t\t\t<div class=\"elementor-widget-container\">\n\t\t\t\t\t<h3 class=\"elementor-heading-title elementor-size-default\"><br>Centro de control de motores CCM<\/h3>\t\t\t\t<\/div>\n\t\t\t\t<\/div>\n\t\t\t\t<\/div>\n\t\t\t\t\t<\/div>\n\t\t\t\t<\/div>\n\t\t\t\t\t<\/div>\n\t\t\t\t<\/div>\n\t\t\t\t\t<\/div>\n\t\t\t\t<\/div>\n\t\t<div class=\"elementor-element elementor-element-fee1cbf e-flex e-con-boxed e-con e-parent\" data-id=\"fee1cbf\" data-element_type=\"container\" data-e-type=\"container\" data-settings=\"{&quot;background_background&quot;:&quot;classic&quot;}\">\n\t\t\t\t\t<div class=\"e-con-inner\">\n\t\t<div class=\"elementor-element elementor-element-dac687f e-flex e-con-boxed e-con e-child\" data-id=\"dac687f\" data-element_type=\"container\" data-e-type=\"container\" data-settings=\"{&quot;background_background&quot;:&quot;classic&quot;}\">\n\t\t\t\t\t<div class=\"e-con-inner\">\n\t\t\t\t<div class=\"elementor-element elementor-element-415704c elementor-widget elementor-widget-text-editor\" data-id=\"415704c\" data-element_type=\"widget\" data-e-type=\"widget\" data-widget_type=\"text-editor.default\">\n\t\t\t\t<div class=\"elementor-widget-container\">\n\t\t\t\t\t\t\t\t\t<p>Los centros de control de motores son el m\u00e9todo m\u00e1s adecuado de\u00a0agrupaci\u00f3n de dispositivos de control de motores el\u00e9ctricos y afines en una\u00a0instalaci\u00f3n compacta y econ\u00f3mica independiente. Los centros de control de\u00a0motores (MCC) constan de:<\/p><ul><li>Estructuras blindadas independientes con frente protegido y empernadas.<\/li><li>Unidades de control modulares empotradas y apoyadas por estructuras<\/li><li>Una barra colectora para la distribuci\u00f3n de alimentaci\u00f3n a las unidades de control<\/li><li>Una red de conductos para cables y entradas de conductores para alojar cargas salientes y cables de control\u00a0<\/li><\/ul><p>Los\u00a0<strong>Centros de Control de Motores Inteligentes\u00a0<\/strong>le ofrecen altos beneficios de productividad y continuidad de servicio, ya que cada unidad arrancadora se encuentra compartimentada e independiente de los dem\u00e1s arrancadores, por lo que usted puede llevar a cabo un mantenimiento a su arrancador sin tener que detener el proceso.\u00a0<\/p><p>Adicionalmente ofrecen grandes beneficios como:<\/p><ul><li>Reducci\u00f3n de Cableado.\u00a0<\/li><li>Comunicaci\u00f3n Transparente en Ethernet, DeviceNet, Profibus, Modbus y CanOpen .\u00a0<\/li><li>Construcci\u00f3n robusta.\u00a0<\/li><li>Gran durabilidad en operaci\u00f3n.\u00a0<\/li><li>Cumpliendo con los lineamientos NEMA e IEC<\/li><\/ul>\t\t\t\t\t\t\t\t<\/div>\n\t\t\t\t<\/div>\n\t\t\t\t\t<\/div>\n\t\t\t\t<\/div>\n\t\t<div class=\"elementor-element elementor-element-b35cc52 e-flex e-con-boxed e-con e-child\" data-id=\"b35cc52\" data-element_type=\"container\" data-e-type=\"container\" data-settings=\"{&quot;background_background&quot;:&quot;classic&quot;}\">\n\t\t\t\t\t<div class=\"e-con-inner\">\n\t\t<div class=\"elementor-element elementor-element-e0ccea6 e-flex e-con-boxed e-con e-child\" data-id=\"e0ccea6\" data-element_type=\"container\" data-e-type=\"container\" data-settings=\"{&quot;background_background&quot;:&quot;classic&quot;}\">\n\t\t\t\t\t<div class=\"e-con-inner\">\n\t\t<div class=\"elementor-element elementor-element-01efa0a e-con-full e-flex e-con e-child\" data-id=\"01efa0a\" data-element_type=\"container\" data-e-type=\"container\">\n\t\t\t\t<div class=\"elementor-element elementor-element-15e6cfe elementor-widget elementor-widget-image\" data-id=\"15e6cfe\" data-element_type=\"widget\" data-e-type=\"widget\" data-widget_type=\"image.default\">\n\t\t\t\t<div class=\"elementor-widget-container\">\n\t\t\t\t\t\t\t\t\t\t\t\t\t\t\t<img fetchpriority=\"high\" decoding=\"async\" width=\"768\" height=\"1024\" src=\"https:\/\/www.flexautomationperu.com\/wp-content\/uploads\/2024\/03\/IMG_7202-768x1024.jpeg\" class=\"attachment-large size-large wp-image-2218\" alt=\"\" srcset=\"https:\/\/www.flexautomationperu.com\/wp-content\/uploads\/2024\/03\/IMG_7202-768x1024.jpeg 768w, https:\/\/www.flexautomationperu.com\/wp-content\/uploads\/2024\/03\/IMG_7202-225x300.jpeg 225w, https:\/\/www.flexautomationperu.com\/wp-content\/uploads\/2024\/03\/IMG_7202-1152x1536.jpeg 1152w, https:\/\/www.flexautomationperu.com\/wp-content\/uploads\/2024\/03\/IMG_7202.jpeg 1536w\" sizes=\"(max-width: 768px) 100vw, 768px\" \/>\t\t\t\t\t\t\t\t\t\t\t\t\t\t\t<\/div>\n\t\t\t\t<\/div>\n\t\t\t\t<\/div>\n\t\t<div class=\"elementor-element elementor-element-6880d92 e-con-full e-flex e-con e-child\" data-id=\"6880d92\" data-element_type=\"container\" data-e-type=\"container\">\n\t\t\t\t<div class=\"elementor-element elementor-element-2526e97 elementor-widget elementor-widget-image\" data-id=\"2526e97\" data-element_type=\"widget\" data-e-type=\"widget\" data-widget_type=\"image.default\">\n\t\t\t\t<div class=\"elementor-widget-container\">\n\t\t\t\t\t\t\t\t\t\t\t\t\t\t\t<img decoding=\"async\" width=\"768\" height=\"1024\" src=\"https:\/\/www.flexautomationperu.com\/wp-content\/uploads\/2024\/03\/IMG_7205-768x1024.jpeg\" class=\"attachment-large size-large wp-image-2219\" alt=\"\" srcset=\"https:\/\/www.flexautomationperu.com\/wp-content\/uploads\/2024\/03\/IMG_7205-768x1024.jpeg 768w, https:\/\/www.flexautomationperu.com\/wp-content\/uploads\/2024\/03\/IMG_7205-225x300.jpeg 225w, https:\/\/www.flexautomationperu.com\/wp-content\/uploads\/2024\/03\/IMG_7205-1152x1536.jpeg 1152w, https:\/\/www.flexautomationperu.com\/wp-content\/uploads\/2024\/03\/IMG_7205.jpeg 1536w\" sizes=\"(max-width: 768px) 100vw, 768px\" \/>\t\t\t\t\t\t\t\t\t\t\t\t\t\t\t<\/div>\n\t\t\t\t<\/div>\n\t\t\t\t<\/div>\n\t\t<div class=\"elementor-element elementor-element-82be2d8 e-con-full e-flex e-con e-child\" data-id=\"82be2d8\" data-element_type=\"container\" data-e-type=\"container\">\n\t\t\t\t<div class=\"elementor-element elementor-element-1cb2e1a elementor-widget elementor-widget-image\" data-id=\"1cb2e1a\" data-element_type=\"widget\" data-e-type=\"widget\" data-widget_type=\"image.default\">\n\t\t\t\t<div class=\"elementor-widget-container\">\n\t\t\t\t\t\t\t\t\t\t\t\t\t\t\t<img decoding=\"async\" width=\"768\" height=\"1024\" src=\"https:\/\/www.flexautomationperu.com\/wp-content\/uploads\/2024\/03\/IMG_7207-768x1024.jpeg\" class=\"attachment-large size-large wp-image-2220\" alt=\"\" srcset=\"https:\/\/www.flexautomationperu.com\/wp-content\/uploads\/2024\/03\/IMG_7207-768x1024.jpeg 768w, https:\/\/www.flexautomationperu.com\/wp-content\/uploads\/2024\/03\/IMG_7207-225x300.jpeg 225w, https:\/\/www.flexautomationperu.com\/wp-content\/uploads\/2024\/03\/IMG_7207-1152x1536.jpeg 1152w, https:\/\/www.flexautomationperu.com\/wp-content\/uploads\/2024\/03\/IMG_7207.jpeg 1536w\" sizes=\"(max-width: 768px) 100vw, 768px\" \/>\t\t\t\t\t\t\t\t\t\t\t\t\t\t\t<\/div>\n\t\t\t\t<\/div>\n\t\t\t\t<\/div>\n\t\t\t\t\t<\/div>\n\t\t\t\t<\/div>\n\t\t\t\t\t<\/div>\n\t\t\t\t<\/div>\n\t\t\t\t\t<\/div>\n\t\t\t\t<\/div>\n\t\t\t\t<\/div>\n\t\t","protected":false},"excerpt":{"rendered":"<p>Centro de control de motores CCM Flex Automation &gt; Soluciones &gt; Energ\u00eda Centro de control de motores CCM Los centros de control de motores son el m\u00e9todo m\u00e1s adecuado de\u00a0agrupaci\u00f3n de dispositivos de control de motores el\u00e9ctricos y afines en una\u00a0instalaci\u00f3n compacta y econ\u00f3mica independiente. Los centros de control de\u00a0motores (MCC) constan de: Estructuras blindadas [&hellip;]<\/p>\n","protected":false},"author":2,"featured_media":0,"parent":0,"menu_order":0,"comment_status":"closed","ping_status":"closed","template":"","meta":{"site-sidebar-layout":"no-sidebar","site-content-layout":"page-builder","ast-site-content-layout":"full-width-container","site-content-style":"default","site-sidebar-style":"default","ast-global-header-display":"","ast-banner-title-visibility":"","ast-main-header-display":"","ast-hfb-above-header-display":"","ast-hfb-below-header-display":"","ast-hfb-mobile-header-display":"","site-post-title":"disabled","ast-breadcrumbs-content":"","ast-featured-img":"disabled","footer-sml-layout":"","ast-disable-related-posts":"","theme-transparent-header-meta":"","adv-header-id-meta":"","stick-header-meta":"","header-above-stick-meta":"","header-main-stick-meta":"","header-below-stick-meta":"","astra-migrate-meta-layouts":"set","ast-page-background-enabled":"default","ast-page-background-meta":{"desktop":{"background-color":"","background-image":"","background-repeat":"repeat","background-position":"center center","background-size":"auto","background-attachment":"scroll","background-type":"","background-media":"","overlay-type":"","overlay-color":"","overlay-opacity":"","overlay-gradient":""},"tablet":{"background-color":"","background-image":"","background-repeat":"repeat","background-position":"center center","background-size":"auto","background-attachment":"scroll","background-type":"","background-media":"","overlay-type":"","overlay-color":"","overlay-opacity":"","overlay-gradient":""},"mobile":{"background-color":"","background-image":"","background-repeat":"repeat","background-position":"center center","background-size":"auto","background-attachment":"scroll","background-type":"","background-media":"","overlay-type":"","overlay-color":"","overlay-opacity":"","overlay-gradient":""}},"ast-content-background-meta":{"desktop":{"background-color":"var(--ast-global-color-5)","background-image":"","background-repeat":"repeat","background-position":"center center","background-size":"auto","background-attachment":"scroll","background-type":"","background-media":"","overlay-type":"","overlay-color":"","overlay-opacity":"","overlay-gradient":""},"tablet":{"background-color":"var(--ast-global-color-5)","background-image":"","background-repeat":"repeat","background-position":"center center","background-size":"auto","background-attachment":"scroll","background-type":"","background-media":"","overlay-type":"","overlay-color":"","overlay-opacity":"","overlay-gradient":""},"mobile":{"background-color":"var(--ast-global-color-5)","background-image":"","background-repeat":"repeat","background-position":"center center","background-size":"auto","background-attachment":"scroll","background-type":"","background-media":"","overlay-type":"","overlay-color":"","overlay-opacity":"","overlay-gradient":""}},"_joinchat":[],"footnotes":""},"class_list":["post-2213","page","type-page","status-publish","hentry"],"_links":{"self":[{"href":"https:\/\/www.flexautomationperu.com\/index_ma.phpnte.php\/wp-json\/wp\/v2\/pages\/2213","targetHints":{"allow":["GET"]}}],"collection":[{"href":"https:\/\/www.flexautomationperu.com\/index_ma.phpnte.php\/wp-json\/wp\/v2\/pages"}],"about":[{"href":"https:\/\/www.flexautomationperu.com\/index_ma.phpnte.php\/wp-json\/wp\/v2\/types\/page"}],"author":[{"embeddable":true,"href":"https:\/\/www.flexautomationperu.com\/index_ma.phpnte.php\/wp-json\/wp\/v2\/users\/2"}],"replies":[{"embeddable":true,"href":"https:\/\/www.flexautomationperu.com\/index_ma.phpnte.php\/wp-json\/wp\/v2\/comments?post=2213"}],"version-history":[{"count":7,"href":"https:\/\/www.flexautomationperu.com\/index_ma.phpnte.php\/wp-json\/wp\/v2\/pages\/2213\/revisions"}],"predecessor-version":[{"id":2364,"href":"https:\/\/www.flexautomationperu.com\/index_ma.phpnte.php\/wp-json\/wp\/v2\/pages\/2213\/revisions\/2364"}],"wp:attachment":[{"href":"https:\/\/www.flexautomationperu.com\/index_ma.phpnte.php\/wp-json\/wp\/v2\/media?parent=2213"}],"curies":[{"name":"wp","href":"https:\/\/api.w.org\/{rel}","templated":true}]}}