{"id":1538,"date":"2024-03-01T21:04:08","date_gmt":"2024-03-01T21:04:08","guid":{"rendered":"https:\/\/www.flexautomationperu.com\/index_ma.phpnte.php\/?page_id=1538"},"modified":"2025-11-02T18:02:18","modified_gmt":"2025-11-02T18:02:18","slug":"nosotros","status":"publish","type":"page","link":"https:\/\/www.flexautomationperu.com\/index_ma.phpnte.php\/nosotros\/","title":{"rendered":"Nosotros"},"content":{"rendered":"\t\t<div data-elementor-type=\"wp-page\" data-elementor-id=\"1538\" class=\"elementor elementor-1538\" data-elementor-post-type=\"page\">\n\t\t\t\t<div class=\"elementor-element elementor-element-f4f2b62 e-flex e-con-boxed e-con e-parent\" data-id=\"f4f2b62\" data-element_type=\"container\" data-e-type=\"container\" data-settings=\"{&quot;background_background&quot;:&quot;classic&quot;}\">\n\t\t\t\t\t<div class=\"e-con-inner\">\n\t\t<div class=\"elementor-element elementor-element-56460b0 e-con-full e-flex e-con e-child\" data-id=\"56460b0\" data-element_type=\"container\" data-e-type=\"container\">\n\t\t\t\t<div class=\"elementor-element elementor-element-5b9d36a elementor-widget-divider--view-line elementor-widget elementor-widget-divider\" data-id=\"5b9d36a\" data-element_type=\"widget\" data-e-type=\"widget\" data-widget_type=\"divider.default\">\n\t\t\t\t<div class=\"elementor-widget-container\">\n\t\t\t\t\t\t\t<div class=\"elementor-divider\">\n\t\t\t<span class=\"elementor-divider-separator\">\n\t\t\t\t\t\t<\/span>\n\t\t<\/div>\n\t\t\t\t\t\t<\/div>\n\t\t\t\t<\/div>\n\t\t\t\t<div class=\"elementor-element elementor-element-827ed7d elementor-widget elementor-widget-heading\" data-id=\"827ed7d\" data-element_type=\"widget\" data-e-type=\"widget\" data-widget_type=\"heading.default\">\n\t\t\t\t<div class=\"elementor-widget-container\">\n\t\t\t\t\t<h2 class=\"elementor-heading-title elementor-size-default\"><br>      Flex Automation &gt; Nosotros<br>   <\/h2>\t\t\t\t<\/div>\n\t\t\t\t<\/div>\n\t\t\t\t<div class=\"elementor-element elementor-element-736cec4 elementor-widget-divider--view-line elementor-widget elementor-widget-divider\" data-id=\"736cec4\" data-element_type=\"widget\" data-e-type=\"widget\" data-widget_type=\"divider.default\">\n\t\t\t\t<div class=\"elementor-widget-container\">\n\t\t\t\t\t\t\t<div class=\"elementor-divider\">\n\t\t\t<span class=\"elementor-divider-separator\">\n\t\t\t\t\t\t<\/span>\n\t\t<\/div>\n\t\t\t\t\t\t<\/div>\n\t\t\t\t<\/div>\n\t\t\t\t<div class=\"elementor-element elementor-element-f8609c1 elementor-widget elementor-widget-heading\" data-id=\"f8609c1\" data-element_type=\"widget\" data-e-type=\"widget\" data-widget_type=\"heading.default\">\n\t\t\t\t<div class=\"elementor-widget-container\">\n\t\t\t\t\t<h3 class=\"elementor-heading-title elementor-size-default\"><br>FLEX CONTROL AUTOMATION SAC<\/h3>\t\t\t\t<\/div>\n\t\t\t\t<\/div>\n\t\t<div class=\"elementor-element elementor-element-7e0094e e-con-full e-flex e-con e-child\" data-id=\"7e0094e\" data-element_type=\"container\" data-e-type=\"container\">\n\t\t<div class=\"elementor-element elementor-element-5da7c5a e-con-full e-flex e-con e-child\" data-id=\"5da7c5a\" data-element_type=\"container\" data-e-type=\"container\" data-settings=\"{&quot;background_background&quot;:&quot;classic&quot;}\">\n\t\t\t\t<\/div>\n\t\t<div class=\"elementor-element elementor-element-c0871c5 e-con-full e-flex e-con e-child\" data-id=\"c0871c5\" data-element_type=\"container\" data-e-type=\"container\">\n\t\t\t\t<div class=\"elementor-element elementor-element-e38f526 elementor-widget elementor-widget-text-editor\" data-id=\"e38f526\" data-element_type=\"widget\" data-e-type=\"widget\" data-widget_type=\"text-editor.default\">\n\t\t\t\t<div class=\"elementor-widget-container\">\n\t\t\t\t\t\t\t\t\t<p>FLEX CONTROL AUTOMATION SAC es una empresa especializada en desarrollo de proyectos de<br>automatizaci\u00f3n, sistemas el\u00e9ctricos, en soluciones integrales a las necesidades de nuestros clientes, avalado<br>por sus profesionales con m\u00e1s de 6 a\u00f1os de experiencia en el sector de automatizaci\u00f3n, conocidos <br>anteriormente como B&amp;N AUTOMATION SAC.<\/p>\n<p>Nuestros clientes disponen siempre de una calidad garantizada, precisi\u00f3n en la selecci\u00f3n de sus art\u00edculos y una constante disponibilidad.<\/p><p>Realizamos asistencia t\u00e9cnica de calidad abarcando sectores como elaboraci\u00f3n de proyectos de ingenier\u00eda el\u00e9ctrica, equipamento, control y automatizaci\u00f3n, as\u00ed como otras aplicaciones adicionales.<\/p>\n<p>Es&nbsp; por&nbsp; estas&nbsp; razones&nbsp; que&nbsp; FLEX&nbsp; CONTROL&nbsp; AUTOMATION&nbsp; se&nbsp; compromete&nbsp; en&nbsp; brindarles&nbsp; las&nbsp; mejores alternativas para la optimizaci\u00f3n de todos sus recursos, con nuestro soporte 24*7.<span style=\"font-style: inherit; font-weight: inherit; text-align: var(--text-align); background-color: var( --e-global-color-astglobalcolor5 ); color: var(--ast-global-color-3);\">&nbsp;<\/span><\/p>\t\t\t\t\t\t\t\t<\/div>\n\t\t\t\t<\/div>\n\t\t\t\t<\/div>\n\t\t\t\t<\/div>\n\t\t\t\t<\/div>\n\t\t\t\t\t<\/div>\n\t\t\t\t<\/div>\n\t\t<div class=\"elementor-element elementor-element-f06970c e-flex e-con-boxed e-con e-parent\" data-id=\"f06970c\" data-element_type=\"container\" data-e-type=\"container\" data-settings=\"{&quot;background_background&quot;:&quot;classic&quot;}\">\n\t\t\t\t\t<div class=\"e-con-inner\">\n\t\t<div class=\"elementor-element elementor-element-7d4030b e-con-full e-flex e-con e-child\" data-id=\"7d4030b\" data-element_type=\"container\" data-e-type=\"container\">\n\t\t\t\t<div class=\"elementor-element elementor-element-dbbb9eb elementor-widget elementor-widget-heading\" data-id=\"dbbb9eb\" data-element_type=\"widget\" data-e-type=\"widget\" data-widget_type=\"heading.default\">\n\t\t\t\t<div class=\"elementor-widget-container\">\n\t\t\t\t\t<h2 class=\"elementor-heading-title elementor-size-default\">Misi\u00f3n<\/h2>\t\t\t\t<\/div>\n\t\t\t\t<\/div>\n\t\t\t\t<div class=\"elementor-element elementor-element-c9cd07f elementor-widget elementor-widget-text-editor\" data-id=\"c9cd07f\" data-element_type=\"widget\" data-e-type=\"widget\" data-widget_type=\"text-editor.default\">\n\t\t\t\t<div class=\"elementor-widget-container\">\n\t\t\t\t\t\t\t\t\t<p>Liderar el mercado con soluciones de ingenieria y servicios integrales de automatizaci\u00f3n basada en la confianza de nuestros clientes, desarrollando una cultura de constante innovaci\u00f3n de nuestros procesos y tecnolog\u00edas, incentivando el desarrollo de nuestros recursos humanos y con la conservacion del medio ambiente.<\/p>\t\t\t\t\t\t\t\t<\/div>\n\t\t\t\t<\/div>\n\t\t\t\t<\/div>\n\t\t<div class=\"elementor-element elementor-element-4701bce e-con-full e-flex e-con e-child\" data-id=\"4701bce\" data-element_type=\"container\" data-e-type=\"container\">\n\t\t\t\t<div class=\"elementor-element elementor-element-b53773b elementor-widget elementor-widget-heading\" data-id=\"b53773b\" data-element_type=\"widget\" data-e-type=\"widget\" data-widget_type=\"heading.default\">\n\t\t\t\t<div class=\"elementor-widget-container\">\n\t\t\t\t\t<h2 class=\"elementor-heading-title elementor-size-default\">Visi\u00f3n<\/h2>\t\t\t\t<\/div>\n\t\t\t\t<\/div>\n\t\t\t\t<div class=\"elementor-element elementor-element-8c40e56 elementor-widget elementor-widget-text-editor\" data-id=\"8c40e56\" data-element_type=\"widget\" data-e-type=\"widget\" data-widget_type=\"text-editor.default\">\n\t\t\t\t<div class=\"elementor-widget-container\">\n\t\t\t\t\t\t\t\t\t<p>Ofrecer soluciones integrales de Automatizaci\u00f3n Industrial y edificios inteligentes integrando la ingenier\u00eda, suministro, instalaci\u00f3n y un servicio post-venta de excelencia. La innovaci\u00f3n es uno de los ejes de desarrollo de nuestra actividad y nuestro principal mercado son las industrias en sus diferentes segmentos.<\/p>\t\t\t\t\t\t\t\t<\/div>\n\t\t\t\t<\/div>\n\t\t\t\t<\/div>\n\t\t<div class=\"elementor-element elementor-element-d36021b e-con-full e-flex e-con e-child\" data-id=\"d36021b\" data-element_type=\"container\" data-e-type=\"container\">\n\t\t\t\t<div class=\"elementor-element elementor-element-2699e31 elementor-widget elementor-widget-heading\" data-id=\"2699e31\" data-element_type=\"widget\" data-e-type=\"widget\" data-widget_type=\"heading.default\">\n\t\t\t\t<div class=\"elementor-widget-container\">\n\t\t\t\t\t<h2 class=\"elementor-heading-title elementor-size-default\">Valores<\/h2>\t\t\t\t<\/div>\n\t\t\t\t<\/div>\n\t\t\t\t<div class=\"elementor-element elementor-element-ee48ebf elementor-widget elementor-widget-text-editor\" data-id=\"ee48ebf\" data-element_type=\"widget\" data-e-type=\"widget\" data-widget_type=\"text-editor.default\">\n\t\t\t\t<div class=\"elementor-widget-container\">\n\t\t\t\t\t\t\t\t\t<ul><li>Respeto<\/li><li>Honestidad<\/li><li>Perseverancia<\/li><li>Cooperaci\u00f3n<\/li><\/ul>\t\t\t\t\t\t\t\t<\/div>\n\t\t\t\t<\/div>\n\t\t\t\t<\/div>\n\t\t\t\t\t<\/div>\n\t\t\t\t<\/div>\n\t\t<div class=\"elementor-element elementor-element-a427d92 e-flex e-con-boxed e-con e-parent\" data-id=\"a427d92\" data-element_type=\"container\" data-e-type=\"container\" data-settings=\"{&quot;background_background&quot;:&quot;classic&quot;}\">\n\t\t\t\t\t<div class=\"e-con-inner\">\n\t\t<div class=\"elementor-element elementor-element-de46b6c e-con-full e-flex e-con e-child\" data-id=\"de46b6c\" data-element_type=\"container\" data-e-type=\"container\" data-settings=\"{&quot;background_background&quot;:&quot;classic&quot;}\">\n\t\t<div class=\"elementor-element elementor-element-2a3309d e-con-full e-flex e-con e-child\" data-id=\"2a3309d\" data-element_type=\"container\" data-e-type=\"container\">\n\t\t\t\t<div class=\"elementor-element elementor-element-8d1c82f elementor-widget elementor-widget-image\" data-id=\"8d1c82f\" data-element_type=\"widget\" data-e-type=\"widget\" data-widget_type=\"image.default\">\n\t\t\t\t<div class=\"elementor-widget-container\">\n\t\t\t\t\t\t\t\t\t\t\t\t\t\t\t<img fetchpriority=\"high\" decoding=\"async\" width=\"1024\" height=\"129\" src=\"https:\/\/www.flexautomationperu.com\/wp-content\/uploads\/2024\/02\/logo_flex_pagina_inicio-copia-1024x129.png\" class=\"attachment-large size-large wp-image-1415\" alt=\"\" srcset=\"https:\/\/www.flexautomationperu.com\/wp-content\/uploads\/2024\/02\/logo_flex_pagina_inicio-copia-1024x129.png 1024w, https:\/\/www.flexautomationperu.com\/wp-content\/uploads\/2024\/02\/logo_flex_pagina_inicio-copia-300x38.png 300w, https:\/\/www.flexautomationperu.com\/wp-content\/uploads\/2024\/02\/logo_flex_pagina_inicio-copia-768x96.png 768w, https:\/\/www.flexautomationperu.com\/wp-content\/uploads\/2024\/02\/logo_flex_pagina_inicio-copia.png 1227w\" sizes=\"(max-width: 1024px) 100vw, 1024px\" \/>\t\t\t\t\t\t\t\t\t\t\t\t\t\t\t<\/div>\n\t\t\t\t<\/div>\n\t\t\t\t<div class=\"elementor-element elementor-element-5ba4b3f elementor-widget elementor-widget-text-editor\" data-id=\"5ba4b3f\" data-element_type=\"widget\" data-e-type=\"widget\" data-widget_type=\"text-editor.default\">\n\t\t\t\t<div class=\"elementor-widget-container\">\n\t\t\t\t\t\t\t\t\t<p><strong>Direcci\u00f3n<\/strong><br \/>Jr. Santa Fe Mz. H Lote 12 Coo. Virgen de Fatima &#8211; Etapa<br \/>San Martin de Porres, Lima<\/p><p><strong>Cont\u00e1ctanos<\/strong><br \/>+51 989 363 370<br \/>+51 942 614 652<\/p><p><strong>Correo<\/strong><br \/>ventas@flexautomationperu.com<\/p>\t\t\t\t\t\t\t\t<\/div>\n\t\t\t\t<\/div>\n\t\t\t\t<\/div>\n\t\t<div class=\"elementor-element elementor-element-b77d30c e-con-full e-flex e-con e-child\" data-id=\"b77d30c\" data-element_type=\"container\" data-e-type=\"container\">\n\t\t\t\t<div class=\"elementor-element elementor-element-dad28c6 elementor-widget elementor-widget-text-editor\" data-id=\"dad28c6\" data-element_type=\"widget\" data-e-type=\"widget\" data-widget_type=\"text-editor.default\">\n\t\t\t\t<div class=\"elementor-widget-container\">\n\t\t\t\t\t\t\t\t\t<p><strong>S\u00edguenos<\/strong><\/p>\t\t\t\t\t\t\t\t<\/div>\n\t\t\t\t<\/div>\n\t\t\t\t<div class=\"elementor-element elementor-element-9b3e9be elementor-grid-4 elementor-shape-circle e-grid-align-center elementor-widget elementor-widget-social-icons\" data-id=\"9b3e9be\" data-element_type=\"widget\" data-e-type=\"widget\" data-widget_type=\"social-icons.default\">\n\t\t\t\t<div class=\"elementor-widget-container\">\n\t\t\t\t\t\t\t<div class=\"elementor-social-icons-wrapper elementor-grid\" role=\"list\">\n\t\t\t\t\t\t\t<span class=\"elementor-grid-item\" role=\"listitem\">\n\t\t\t\t\t<a class=\"elementor-icon elementor-social-icon elementor-social-icon-facebook-f elementor-repeater-item-4fadd04\" href=\"https:\/\/www.facebook.com\/profile.php?id=100094145848010\" target=\"_blank\">\n\t\t\t\t\t\t<span class=\"elementor-screen-only\">Facebook-f<\/span>\n\t\t\t\t\t\t<svg aria-hidden=\"true\" class=\"e-font-icon-svg e-fab-facebook-f\" viewBox=\"0 0 320 512\" xmlns=\"http:\/\/www.w3.org\/2000\/svg\"><path d=\"M279.14 288l14.22-92.66h-88.91v-60.13c0-25.35 12.42-50.06 52.24-50.06h40.42V6.26S260.43 0 225.36 0c-73.22 0-121.08 44.38-121.08 124.72v70.62H22.89V288h81.39v224h100.17V288z\"><\/path><\/svg>\t\t\t\t\t<\/a>\n\t\t\t\t<\/span>\n\t\t\t\t\t\t\t<span class=\"elementor-grid-item\" role=\"listitem\">\n\t\t\t\t\t<a class=\"elementor-icon elementor-social-icon elementor-social-icon-instagram elementor-repeater-item-652cba9\" target=\"_blank\">\n\t\t\t\t\t\t<span class=\"elementor-screen-only\">Instagram<\/span>\n\t\t\t\t\t\t<svg aria-hidden=\"true\" class=\"e-font-icon-svg e-fab-instagram\" viewBox=\"0 0 448 512\" xmlns=\"http:\/\/www.w3.org\/2000\/svg\"><path d=\"M224.1 141c-63.6 0-114.9 51.3-114.9 114.9s51.3 114.9 114.9 114.9S339 319.5 339 255.9 287.7 141 224.1 141zm0 189.6c-41.1 0-74.7-33.5-74.7-74.7s33.5-74.7 74.7-74.7 74.7 33.5 74.7 74.7-33.6 74.7-74.7 74.7zm146.4-194.3c0 14.9-12 26.8-26.8 26.8-14.9 0-26.8-12-26.8-26.8s12-26.8 26.8-26.8 26.8 12 26.8 26.8zm76.1 27.2c-1.7-35.9-9.9-67.7-36.2-93.9-26.2-26.2-58-34.4-93.9-36.2-37-2.1-147.9-2.1-184.9 0-35.8 1.7-67.6 9.9-93.9 36.1s-34.4 58-36.2 93.9c-2.1 37-2.1 147.9 0 184.9 1.7 35.9 9.9 67.7 36.2 93.9s58 34.4 93.9 36.2c37 2.1 147.9 2.1 184.9 0 35.9-1.7 67.7-9.9 93.9-36.2 26.2-26.2 34.4-58 36.2-93.9 2.1-37 2.1-147.8 0-184.8zM398.8 388c-7.8 19.6-22.9 34.7-42.6 42.6-29.5 11.7-99.5 9-132.1 9s-102.7 2.6-132.1-9c-19.6-7.8-34.7-22.9-42.6-42.6-11.7-29.5-9-99.5-9-132.1s-2.6-102.7 9-132.1c7.8-19.6 22.9-34.7 42.6-42.6 29.5-11.7 99.5-9 132.1-9s102.7-2.6 132.1 9c19.6 7.8 34.7 22.9 42.6 42.6 11.7 29.5 9 99.5 9 132.1s2.7 102.7-9 132.1z\"><\/path><\/svg>\t\t\t\t\t<\/a>\n\t\t\t\t<\/span>\n\t\t\t\t\t\t\t<span class=\"elementor-grid-item\" role=\"listitem\">\n\t\t\t\t\t<a class=\"elementor-icon elementor-social-icon elementor-social-icon-linkedin elementor-repeater-item-8220ee8\" href=\"https:\/\/www.linkedin.com\/company\/flex-control-automation\/\" target=\"_blank\">\n\t\t\t\t\t\t<span class=\"elementor-screen-only\">Linkedin<\/span>\n\t\t\t\t\t\t<svg aria-hidden=\"true\" class=\"e-font-icon-svg e-fab-linkedin\" viewBox=\"0 0 448 512\" xmlns=\"http:\/\/www.w3.org\/2000\/svg\"><path d=\"M416 32H31.9C14.3 32 0 46.5 0 64.3v383.4C0 465.5 14.3 480 31.9 480H416c17.6 0 32-14.5 32-32.3V64.3c0-17.8-14.4-32.3-32-32.3zM135.4 416H69V202.2h66.5V416zm-33.2-243c-21.3 0-38.5-17.3-38.5-38.5S80.9 96 102.2 96c21.2 0 38.5 17.3 38.5 38.5 0 21.3-17.2 38.5-38.5 38.5zm282.1 243h-66.4V312c0-24.8-.5-56.7-34.5-56.7-34.6 0-39.9 27-39.9 54.9V416h-66.4V202.2h63.7v29.2h.9c8.9-16.8 30.6-34.5 62.9-34.5 67.2 0 79.7 44.3 79.7 101.9V416z\"><\/path><\/svg>\t\t\t\t\t<\/a>\n\t\t\t\t<\/span>\n\t\t\t\t\t\t\t<span class=\"elementor-grid-item\" role=\"listitem\">\n\t\t\t\t\t<a class=\"elementor-icon elementor-social-icon elementor-social-icon-youtube elementor-repeater-item-7e9369f\" href=\"https:\/\/www.youtube.com\/channel\/UCc1bezFxHwGYW0l538jdg6Q\" target=\"_blank\">\n\t\t\t\t\t\t<span class=\"elementor-screen-only\">Youtube<\/span>\n\t\t\t\t\t\t<svg aria-hidden=\"true\" class=\"e-font-icon-svg e-fab-youtube\" viewBox=\"0 0 576 512\" xmlns=\"http:\/\/www.w3.org\/2000\/svg\"><path d=\"M549.655 124.083c-6.281-23.65-24.787-42.276-48.284-48.597C458.781 64 288 64 288 64S117.22 64 74.629 75.486c-23.497 6.322-42.003 24.947-48.284 48.597-11.412 42.867-11.412 132.305-11.412 132.305s0 89.438 11.412 132.305c6.281 23.65 24.787 41.5 48.284 47.821C117.22 448 288 448 288 448s170.78 0 213.371-11.486c23.497-6.321 42.003-24.171 48.284-47.821 11.412-42.867 11.412-132.305 11.412-132.305s0-89.438-11.412-132.305zm-317.51 213.508V175.185l142.739 81.205-142.739 81.201z\"><\/path><\/svg>\t\t\t\t\t<\/a>\n\t\t\t\t<\/span>\n\t\t\t\t\t<\/div>\n\t\t\t\t\t\t<\/div>\n\t\t\t\t<\/div>\n\t\t\t\t<\/div>\n\t\t\t\t<div class=\"elementor-element elementor-element-19d9f80 elementor-widget__width-initial elementor-widget elementor-widget-image\" data-id=\"19d9f80\" data-element_type=\"widget\" data-e-type=\"widget\" data-widget_type=\"image.default\">\n\t\t\t\t<div class=\"elementor-widget-container\">\n\t\t\t\t\t\t\t\t\t\t\t\t<figure class=\"wp-caption\">\n\t\t\t\t\t\t\t\t\t\t<img decoding=\"async\" width=\"245\" height=\"300\" src=\"https:\/\/www.flexautomationperu.com\/wp-content\/uploads\/2025\/11\/Politica-Flex-Control-Q5N5X2PA-1-245x300.png\" class=\"attachment-medium size-medium wp-image-2452\" alt=\"\" srcset=\"https:\/\/www.flexautomationperu.com\/wp-content\/uploads\/2025\/11\/Politica-Flex-Control-Q5N5X2PA-1-245x300.png 245w, https:\/\/www.flexautomationperu.com\/wp-content\/uploads\/2025\/11\/Politica-Flex-Control-Q5N5X2PA-1-836x1024.png 836w, https:\/\/www.flexautomationperu.com\/wp-content\/uploads\/2025\/11\/Politica-Flex-Control-Q5N5X2PA-1-768x941.png 768w, https:\/\/www.flexautomationperu.com\/wp-content\/uploads\/2025\/11\/Politica-Flex-Control-Q5N5X2PA-1.png 1024w\" sizes=\"(max-width: 245px) 100vw, 245px\" \/>\t\t\t\t\t\t\t\t\t\t\t<figcaption class=\"widget-image-caption wp-caption-text\"><\/figcaption>\n\t\t\t\t\t\t\t\t\t\t<\/figure>\n\t\t\t\t\t\t\t\t\t<\/div>\n\t\t\t\t<\/div>\n\t\t<div class=\"elementor-element elementor-element-31e5d8e e-con-full e-flex e-con e-child\" data-id=\"31e5d8e\" data-element_type=\"container\" data-e-type=\"container\">\n\t\t\t\t<div class=\"elementor-element elementor-element-83d2085 elementor-widget elementor-widget-text-editor\" data-id=\"83d2085\" data-element_type=\"widget\" data-e-type=\"widget\" data-widget_type=\"text-editor.default\">\n\t\t\t\t<div class=\"elementor-widget-container\">\n\t\t\t\t\t\t\t\t\t<p><strong>Partner<\/strong><\/p>\t\t\t\t\t\t\t\t<\/div>\n\t\t\t\t<\/div>\n\t\t\t\t<div class=\"elementor-element elementor-element-122b9b4 elementor-widget elementor-widget-image\" data-id=\"122b9b4\" data-element_type=\"widget\" data-e-type=\"widget\" data-widget_type=\"image.default\">\n\t\t\t\t<div class=\"elementor-widget-container\">\n\t\t\t\t\t\t\t\t\t\t\t\t\t\t\t<img decoding=\"async\" width=\"1024\" height=\"222\" src=\"https:\/\/www.flexautomationperu.com\/wp-content\/uploads\/2024\/02\/CDPC_logo_4c-1024x222.png\" class=\"attachment-large size-large wp-image-1149\" alt=\"\" srcset=\"https:\/\/www.flexautomationperu.com\/wp-content\/uploads\/2024\/02\/CDPC_logo_4c-1024x222.png 1024w, https:\/\/www.flexautomationperu.com\/wp-content\/uploads\/2024\/02\/CDPC_logo_4c-300x65.png 300w, https:\/\/www.flexautomationperu.com\/wp-content\/uploads\/2024\/02\/CDPC_logo_4c-768x167.png 768w, https:\/\/www.flexautomationperu.com\/wp-content\/uploads\/2024\/02\/CDPC_logo_4c-1536x333.png 1536w, https:\/\/www.flexautomationperu.com\/wp-content\/uploads\/2024\/02\/CDPC_logo_4c-2048x445.png 2048w\" sizes=\"(max-width: 1024px) 100vw, 1024px\" \/>\t\t\t\t\t\t\t\t\t\t\t\t\t\t\t<\/div>\n\t\t\t\t<\/div>\n\t\t\t\t<div class=\"elementor-element elementor-element-e2919ee elementor-widget elementor-widget-image\" data-id=\"e2919ee\" data-element_type=\"widget\" data-e-type=\"widget\" data-widget_type=\"image.default\">\n\t\t\t\t<div class=\"elementor-widget-container\">\n\t\t\t\t\t\t\t\t\t\t\t\t\t\t\t<img loading=\"lazy\" decoding=\"async\" width=\"204\" height=\"65\" src=\"https:\/\/www.flexautomationperu.com\/wp-content\/uploads\/2024\/02\/Wohnner-copia.png\" class=\"attachment-large size-large wp-image-1416\" alt=\"\" \/>\t\t\t\t\t\t\t\t\t\t\t\t\t\t\t<\/div>\n\t\t\t\t<\/div>\n\t\t\t\t<\/div>\n\t\t<div class=\"elementor-element elementor-element-73e1690 e-con-full e-flex e-con e-child\" data-id=\"73e1690\" data-element_type=\"container\" data-e-type=\"container\">\n\t\t\t\t<div class=\"elementor-element elementor-element-dffcd29 elementor-widget elementor-widget-text-editor\" data-id=\"dffcd29\" data-element_type=\"widget\" data-e-type=\"widget\" data-widget_type=\"text-editor.default\">\n\t\t\t\t<div class=\"elementor-widget-container\">\n\t\t\t\t\t\t\t\t\t<p><strong>Certificaci\u00f3n<\/strong><\/p>\t\t\t\t\t\t\t\t<\/div>\n\t\t\t\t<\/div>\n\t\t\t\t<div class=\"elementor-element elementor-element-8e73e64 elementor-widget elementor-widget-image\" data-id=\"8e73e64\" data-element_type=\"widget\" data-e-type=\"widget\" data-widget_type=\"image.default\">\n\t\t\t\t<div class=\"elementor-widget-container\">\n\t\t\t\t\t\t\t\t\t\t\t\t\t\t\t<img loading=\"lazy\" decoding=\"async\" width=\"425\" height=\"81\" src=\"https:\/\/www.flexautomationperu.com\/wp-content\/uploads\/2024\/02\/MEga-2.png\" class=\"attachment-large size-large wp-image-1335\" alt=\"\" srcset=\"https:\/\/www.flexautomationperu.com\/wp-content\/uploads\/2024\/02\/MEga-2.png 425w, https:\/\/www.flexautomationperu.com\/wp-content\/uploads\/2024\/02\/MEga-2-300x57.png 300w\" sizes=\"(max-width: 425px) 100vw, 425px\" \/>\t\t\t\t\t\t\t\t\t\t\t\t\t\t\t<\/div>\n\t\t\t\t<\/div>\n\t\t\t\t<\/div>\n\t\t\t\t<\/div>\n\t\t\t\t\t<\/div>\n\t\t\t\t<\/div>\n\t\t\t\t<\/div>\n\t\t","protected":false},"excerpt":{"rendered":"<p>Flex Automation &gt; Nosotros FLEX CONTROL AUTOMATION SAC FLEX CONTROL AUTOMATION SAC es una empresa especializada en desarrollo de proyectos deautomatizaci\u00f3n, sistemas el\u00e9ctricos, en soluciones integrales a las necesidades de nuestros clientes, avaladopor sus profesionales con m\u00e1s de 6 a\u00f1os de experiencia en el sector de automatizaci\u00f3n, conocidos anteriormente como B&amp;N AUTOMATION SAC. Nuestros clientes [&hellip;]<\/p>\n","protected":false},"author":2,"featured_media":0,"parent":0,"menu_order":0,"comment_status":"closed","ping_status":"closed","template":"","meta":{"site-sidebar-layout":"no-sidebar","site-content-layout":"page-builder","ast-site-content-layout":"full-width-container","site-content-style":"default","site-sidebar-style":"default","ast-global-header-display":"","ast-banner-title-visibility":"","ast-main-header-display":"","ast-hfb-above-header-display":"","ast-hfb-below-header-display":"","ast-hfb-mobile-header-display":"","site-post-title":"disabled","ast-breadcrumbs-content":"","ast-featured-img":"disabled","footer-sml-layout":"","ast-disable-related-posts":"","theme-transparent-header-meta":"","adv-header-id-meta":"","stick-header-meta":"","header-above-stick-meta":"","header-main-stick-meta":"","header-below-stick-meta":"","astra-migrate-meta-layouts":"set","ast-page-background-enabled":"default","ast-page-background-meta":{"desktop":{"background-color":"","background-image":"","background-repeat":"repeat","background-position":"center center","background-size":"auto","background-attachment":"scroll","background-type":"","background-media":"","overlay-type":"","overlay-color":"","overlay-opacity":"","overlay-gradient":""},"tablet":{"background-color":"","background-image":"","background-repeat":"repeat","background-position":"center center","background-size":"auto","background-attachment":"scroll","background-type":"","background-media":"","overlay-type":"","overlay-color":"","overlay-opacity":"","overlay-gradient":""},"mobile":{"background-color":"","background-image":"","background-repeat":"repeat","background-position":"center center","background-size":"auto","background-attachment":"scroll","background-type":"","background-media":"","overlay-type":"","overlay-color":"","overlay-opacity":"","overlay-gradient":""}},"ast-content-background-meta":{"desktop":{"background-color":"var(--ast-global-color-5)","background-image":"","background-repeat":"repeat","background-position":"center center","background-size":"auto","background-attachment":"scroll","background-type":"","background-media":"","overlay-type":"","overlay-color":"","overlay-opacity":"","overlay-gradient":""},"tablet":{"background-color":"var(--ast-global-color-5)","background-image":"","background-repeat":"repeat","background-position":"center center","background-size":"auto","background-attachment":"scroll","background-type":"","background-media":"","overlay-type":"","overlay-color":"","overlay-opacity":"","overlay-gradient":""},"mobile":{"background-color":"var(--ast-global-color-5)","background-image":"","background-repeat":"repeat","background-position":"center center","background-size":"auto","background-attachment":"scroll","background-type":"","background-media":"","overlay-type":"","overlay-color":"","overlay-opacity":"","overlay-gradient":""}},"_joinchat":[],"footnotes":""},"class_list":["post-1538","page","type-page","status-publish","hentry"],"_links":{"self":[{"href":"https:\/\/www.flexautomationperu.com\/index_ma.phpnte.php\/wp-json\/wp\/v2\/pages\/1538","targetHints":{"allow":["GET"]}}],"collection":[{"href":"https:\/\/www.flexautomationperu.com\/index_ma.phpnte.php\/wp-json\/wp\/v2\/pages"}],"about":[{"href":"https:\/\/www.flexautomationperu.com\/index_ma.phpnte.php\/wp-json\/wp\/v2\/types\/page"}],"author":[{"embeddable":true,"href":"https:\/\/www.flexautomationperu.com\/index_ma.phpnte.php\/wp-json\/wp\/v2\/users\/2"}],"replies":[{"embeddable":true,"href":"https:\/\/www.flexautomationperu.com\/index_ma.phpnte.php\/wp-json\/wp\/v2\/comments?post=1538"}],"version-history":[{"count":91,"href":"https:\/\/www.flexautomationperu.com\/index_ma.phpnte.php\/wp-json\/wp\/v2\/pages\/1538\/revisions"}],"predecessor-version":[{"id":2455,"href":"https:\/\/www.flexautomationperu.com\/index_ma.phpnte.php\/wp-json\/wp\/v2\/pages\/1538\/revisions\/2455"}],"wp:attachment":[{"href":"https:\/\/www.flexautomationperu.com\/index_ma.phpnte.php\/wp-json\/wp\/v2\/media?parent=1538"}],"curies":[{"name":"wp","href":"https:\/\/api.w.org\/{rel}","templated":true}]}}